{"id":31162,"date":"2024-04-11T16:15:47","date_gmt":"2024-04-11T14:15:47","guid":{"rendered":"https:\/\/www.aedtf.ch\/contattati-nouveau-site\/"},"modified":"2024-07-29T13:37:29","modified_gmt":"2024-07-29T11:37:29","slug":"contattati-nouveau-site","status":"publish","type":"page","link":"https:\/\/www.aedtf.ch\/it\/contattati-nouveau-site\/","title":{"rendered":"Contattati"},"content":{"rendered":"<p>[et_pb_section fb_built=&#8221;1&#8243; fullwidth=&#8221;on&#8221; custom_padding_last_edited=&#8221;off|desktop&#8221; admin_label=&#8221;Header&#8221; _builder_version=&#8221;4.25.2&#8243; background_color=&#8221;#FFFFFF&#8221; background_image=&#8221;https:\/\/www.aedtf.ch\/wp-content\/uploads\/2024\/06\/DSC_0355-Ice-9015-a-Spiezmoss-le-23-02-2022.jpg&#8221; background_enable_video_mp4=&#8221;off&#8221; max_width=&#8221;100%&#8221; module_alignment=&#8221;left&#8221; height=&#8221;66%&#8221; max_height=&#8221;1000px&#8221; custom_margin=&#8221;||0px||false|false&#8221; custom_padding=&#8221;||||false|false&#8221; border_color_all=&#8221;#FFFFFF&#8221; global_colors_info=&#8221;{}&#8221;][et_pb_fullwidth_header title=&#8221;Contattaci&#8221; button_one_url=&#8221;#association&#8221; image_orientation=&#8221;bottom&#8221; content_max_width=&#8221;700px&#8221; _builder_version=&#8221;4.25.2&#8243; title_font=&#8221;Nunito Sans|700|||||||&#8221; title_text_color=&#8221;#ffcd00&#8243; title_font_size=&#8221;5em&#8221; title_line_height=&#8221;1.3em&#8221; subhead_font=&#8221;|700|||||||&#8221; subhead_font_size=&#8221;64px&#8221; subhead_line_height=&#8221;1.2em&#8221; background_enable_color=&#8221;off&#8221; background_enable_image=&#8221;off&#8221; background_position=&#8221;bottom_center&#8221; custom_button_one=&#8221;on&#8221; button_one_text_size=&#8221;16px&#8221; button_one_bg_color=&#8221;#ffcd00&#8243; button_one_border_color=&#8221;RGBA(255,255,255,0)&#8221; button_one_border_radius=&#8221;8px&#8221; button_one_letter_spacing=&#8221;3px&#8221; button_one_font=&#8221;Poppins|800||on|||||&#8221; button_one_icon=&#8221;&#x24;||divi||400&#8243; button_one_icon_color=&#8221;#FFFFFF&#8221; button_one_custom_margin=&#8221;21px||0px||false|false&#8221; button_one_custom_padding=&#8221;14px|24px|14px|24px|false|false&#8221; custom_button_two=&#8221;on&#8221; button_two_text_size=&#8221;14px&#8221; button_two_text_color=&#8221;#00309a&#8221; button_two_bg_color=&#8221;#ffffff&#8221; button_two_border_width=&#8221;20px&#8221; button_two_border_color=&#8221;rgba(0,0,0,0)&#8221; button_two_border_radius=&#8221;0px&#8221; button_two_letter_spacing=&#8221;3px&#8221; button_two_font=&#8221;Libre Franklin|700||on|||||&#8221; button_two_icon=&#8221;&#x24;||divi||400&#8243; background_layout=&#8221;light&#8221; custom_margin=&#8221;||||false&#8221; custom_padding=&#8221;10vw||12vw||false|false&#8221; custom_padding_tablet=&#8221;80px||180px|&#8221; custom_padding_phone=&#8221;&#8221; custom_padding_last_edited=&#8221;on|phone&#8221; child_mix_blend_mode=&#8221;color-burn&#8221; title_font_size_tablet=&#8221;54px&#8221; title_font_size_phone=&#8221;28px&#8221; title_font_size_last_edited=&#8221;on|phone&#8221; subhead_font_size_tablet=&#8221;54px&#8221; subhead_font_size_phone=&#8221;24px&#8221; subhead_font_size_last_edited=&#8221;on|phone&#8221; border_style_all_image=&#8221;none&#8221; box_shadow_style_button_two=&#8221;preset4&#8243; box_shadow_horizontal_button_two=&#8221;20px&#8221; box_shadow_vertical_button_two=&#8221;20px&#8221; box_shadow_spread_button_two=&#8221;-5px&#8221; box_shadow_color_button_two=&#8221;rgba(255,255,255,0.2)&#8221; button_one_letter_spacing_hover=&#8221;3px&#8221; button_two_letter_spacing_hover=&#8221;3px&#8221; locked=&#8221;off&#8221; global_colors_info=&#8221;{}&#8221; button_one_text_size__hover_enabled=&#8221;off&#8221; button_two_text_size__hover_enabled=&#8221;off&#8221; button_one_text_color__hover_enabled=&#8221;off&#8221; button_two_text_color__hover_enabled=&#8221;off&#8221; button_one_border_width__hover_enabled=&#8221;off&#8221; button_two_border_width__hover_enabled=&#8221;off&#8221; button_one_border_color__hover_enabled=&#8221;off&#8221; button_two_border_color__hover_enabled=&#8221;off&#8221; button_one_border_radius__hover_enabled=&#8221;off&#8221; button_two_border_radius__hover_enabled=&#8221;off&#8221; button_one_letter_spacing__hover_enabled=&#8221;on&#8221; button_one_letter_spacing__hover=&#8221;3px&#8221; button_two_letter_spacing__hover_enabled=&#8221;on&#8221; button_two_letter_spacing__hover=&#8221;3px&#8221; button_one_bg_color__hover_enabled=&#8221;off&#8221; button_two_bg_color__hover_enabled=&#8221;off&#8221; title__hover_enabled=&#8221;off|desktop&#8221;][\/et_pb_fullwidth_header][\/et_pb_section][et_pb_section fb_built=&#8221;1&#8243; admin_label=&#8221;Header&#8221; _builder_version=&#8221;4.23&#8243; _module_preset=&#8221;default&#8221; background_image=&#8221;https:\/\/www.aedtf.ch\/wp-content\/uploads\/2024\/03\/pomme.png&#8221; locked=&#8221;off&#8221; collapsed=&#8221;on&#8221; global_colors_info=&#8221;{}&#8221;][et_pb_row make_equal=&#8221;on&#8221; _builder_version=&#8221;4.25.2&#8243; _module_preset=&#8221;default&#8221; width=&#8221;100%&#8221; max_width=&#8221;55%&#8221; max_width_tablet=&#8221;55%&#8221; max_width_phone=&#8221;80%&#8221; max_width_last_edited=&#8221;on|phone&#8221; custom_margin=&#8221;|||10%|false|false&#8221; global_colors_info=&#8221;{}&#8221;][et_pb_column type=&#8221;4_4&#8243; _builder_version=&#8221;4.19.3&#8243; _module_preset=&#8221;default&#8221; z_index=&#8221;10&#8243; custom_padding=&#8221;4%||||false|false&#8221; custom_padding_tablet=&#8221;0%||||false|false&#8221; custom_padding_phone=&#8221;0%||||false|false&#8221; custom_padding_last_edited=&#8221;on|tablet&#8221; global_colors_info=&#8221;{}&#8221;][et_pb_text _builder_version=&#8221;4.23&#8243; _module_preset=&#8221;8510edd7-8645-44f4-a42f-1d7b6db40763&#8243; custom_margin=&#8221;|-48%|||false|false&#8221; custom_margin_tablet=&#8221;|0%|||false|false&#8221; custom_margin_phone=&#8221;|0%|||false|false&#8221; custom_margin_last_edited=&#8221;on|tablet&#8221; global_colors_info=&#8221;{%22gcid-555099d8-0bfe-48de-9d1d-02daa12bfc00%22:%91%22header_text_color%22%93}&#8221;]<\/p>\n<h1>Contattaci<\/h1>\n<p>[\/et_pb_text][et_pb_contact_form captcha=&#8221;off&#8221; email=&#8221;president@aedtf.ch&#8221; custom_message=&#8221;Essere socio||et_pb_line_break_holder||Nom %%Name%%||et_pb_line_break_holder||Email: %%Email%%||et_pb_line_break_holder||Message %%Message%%||et_pb_line_break_holder||&#8221; success_message=&#8221;la richiesta \u00e8 stata inviata&#8221; _builder_version=&#8221;4.25.2&#8243; _module_preset=&#8221;e576d857-dd66-4998-800d-07ae5b9997bc&#8221; background_color=&#8221;#FFFFFF&#8221; button_text_color=&#8221;#ffffff&#8221; button_bg_color=&#8221;#FFD400&#8243; button_border_radius=&#8221;10px&#8221; custom_margin=&#8221;|-48%|||false|false&#8221; custom_margin_tablet=&#8221;|0%|||false|false&#8221; custom_margin_phone=&#8221;|0%|||false|false&#8221; custom_margin_last_edited=&#8221;on|desktop&#8221; custom_padding=&#8221;60px|60px|60px||true|false&#8221; custom_padding_tablet=&#8221;30px|0px|30px|0px|true|true&#8221; custom_padding_phone=&#8221;20px||20px||true|true&#8221; custom_padding_last_edited=&#8221;on|desktop&#8221; locked=&#8221;off&#8221; global_colors_info=&#8221;{%22gcid-555099d8-0bfe-48de-9d1d-02daa12bfc00%22:%91%22form_field_text_color%22,%22form_field_text_color%22,%22form_field_text_color%22,%22form_field_text_color%22,%22form_field_text_color%22%93,%22gcid-a7422b2f-47f3-46f2-9b9e-dc87bab6d79c%22:%91%22background_color%22%93}&#8221;][et_pb_contact_field field_id=&#8221;Name&#8221; field_title=&#8221;Nome&#8221; _builder_version=&#8221;4.23&#8243; _module_preset=&#8221;default&#8221; global_colors_info=&#8221;{}&#8221; button_text_size__hover_enabled=&#8221;off&#8221; button_one_text_size__hover_enabled=&#8221;off&#8221; button_two_text_size__hover_enabled=&#8221;off&#8221; button_text_color__hover_enabled=&#8221;off&#8221; button_one_text_color__hover_enabled=&#8221;off&#8221; button_two_text_color__hover_enabled=&#8221;off&#8221; button_border_width__hover_enabled=&#8221;off&#8221; button_one_border_width__hover_enabled=&#8221;off&#8221; button_two_border_width__hover_enabled=&#8221;off&#8221; button_border_color__hover_enabled=&#8221;off&#8221; button_one_border_color__hover_enabled=&#8221;off&#8221; button_two_border_color__hover_enabled=&#8221;off&#8221; button_border_radius__hover_enabled=&#8221;off&#8221; button_one_border_radius__hover_enabled=&#8221;off&#8221; button_two_border_radius__hover_enabled=&#8221;off&#8221; button_letter_spacing__hover_enabled=&#8221;off&#8221; button_one_letter_spacing__hover_enabled=&#8221;off&#8221; button_two_letter_spacing__hover_enabled=&#8221;off&#8221; button_bg_color__hover_enabled=&#8221;off&#8221; button_one_bg_color__hover_enabled=&#8221;off&#8221; button_two_bg_color__hover_enabled=&#8221;off&#8221;][\/et_pb_contact_field][et_pb_contact_field field_id=&#8221;Email&#8221; field_title=&#8221;indirizzo e-mail&#8221; field_type=&#8221;email&#8221; _builder_version=&#8221;4.23&#8243; _module_preset=&#8221;default&#8221; global_colors_info=&#8221;{}&#8221; button_text_size__hover_enabled=&#8221;off&#8221; button_one_text_size__hover_enabled=&#8221;off&#8221; button_two_text_size__hover_enabled=&#8221;off&#8221; button_text_color__hover_enabled=&#8221;off&#8221; button_one_text_color__hover_enabled=&#8221;off&#8221; button_two_text_color__hover_enabled=&#8221;off&#8221; button_border_width__hover_enabled=&#8221;off&#8221; button_one_border_width__hover_enabled=&#8221;off&#8221; button_two_border_width__hover_enabled=&#8221;off&#8221; button_border_color__hover_enabled=&#8221;off&#8221; button_one_border_color__hover_enabled=&#8221;off&#8221; button_two_border_color__hover_enabled=&#8221;off&#8221; button_border_radius__hover_enabled=&#8221;off&#8221; button_one_border_radius__hover_enabled=&#8221;off&#8221; button_two_border_radius__hover_enabled=&#8221;off&#8221; button_letter_spacing__hover_enabled=&#8221;off&#8221; button_one_letter_spacing__hover_enabled=&#8221;off&#8221; button_two_letter_spacing__hover_enabled=&#8221;off&#8221; button_bg_color__hover_enabled=&#8221;off&#8221; button_one_bg_color__hover_enabled=&#8221;off&#8221; button_two_bg_color__hover_enabled=&#8221;off&#8221;][\/et_pb_contact_field][et_pb_contact_field field_id=&#8221;Message&#8221; field_title=&#8221;Messagio&#8221; field_type=&#8221;text&#8221; fullwidth_field=&#8221;on&#8221; _builder_version=&#8221;4.23&#8243; _module_preset=&#8221;default&#8221; global_colors_info=&#8221;{}&#8221; button_text_size__hover_enabled=&#8221;off&#8221; button_one_text_size__hover_enabled=&#8221;off&#8221; button_two_text_size__hover_enabled=&#8221;off&#8221; button_text_color__hover_enabled=&#8221;off&#8221; button_one_text_color__hover_enabled=&#8221;off&#8221; button_two_text_color__hover_enabled=&#8221;off&#8221; button_border_width__hover_enabled=&#8221;off&#8221; button_one_border_width__hover_enabled=&#8221;off&#8221; button_two_border_width__hover_enabled=&#8221;off&#8221; button_border_color__hover_enabled=&#8221;off&#8221; button_one_border_color__hover_enabled=&#8221;off&#8221; button_two_border_color__hover_enabled=&#8221;off&#8221; button_border_radius__hover_enabled=&#8221;off&#8221; button_one_border_radius__hover_enabled=&#8221;off&#8221; button_two_border_radius__hover_enabled=&#8221;off&#8221; button_letter_spacing__hover_enabled=&#8221;off&#8221; button_one_letter_spacing__hover_enabled=&#8221;off&#8221; button_two_letter_spacing__hover_enabled=&#8221;off&#8221; button_bg_color__hover_enabled=&#8221;off&#8221; button_one_bg_color__hover_enabled=&#8221;off&#8221; button_two_bg_color__hover_enabled=&#8221;off&#8221;][\/et_pb_contact_field][\/et_pb_contact_form][et_pb_text _builder_version=&#8221;4.25.2&#8243; _module_preset=&#8221;default&#8221; hover_enabled=&#8221;0&#8243; global_colors_info=&#8221;{}&#8221; sticky_enabled=&#8221;0&#8243;]<\/p>\n<p>AEDTF<\/p>\n<p>12 Gewerbestrasse<\/p>\n<p>3012 Bern<\/p>\n<p><span>Courriel: <\/span><a href=\"mailto:president@aedtf.ch\"><span> <\/span> <span>president@aedtf.ch<\/span><\/a><\/p>\n<p>[\/et_pb_text][et_pb_divider _builder_version=&#8221;4.23&#8243; _module_preset=&#8221;default&#8221; global_colors_info=&#8221;{}&#8221;][\/et_pb_divider][\/et_pb_column][\/et_pb_row][\/et_pb_section][et_pb_section fb_built=&#8221;1&#8243; admin_label=&#8221;Footer&#8221; _builder_version=&#8221;4.23&#8243; _module_preset=&#8221;default&#8221; background_enable_color=&#8221;off&#8221; background_image=&#8221;https:\/\/www.aedtf.ch\/wp-content\/uploads\/2024\/03\/fond.png&#8221; global_module=&#8221;31567&#8243; locked=&#8221;off&#8221; collapsed=&#8221;on&#8221; global_colors_info=&#8221;{}&#8221;][et_pb_row column_structure=&#8221;1_4,3_4&#8243; _builder_version=&#8221;4.19.3&#8243; _module_preset=&#8221;default&#8221; global_colors_info=&#8221;{}&#8221;][et_pb_column type=&#8221;1_4&#8243; _builder_version=&#8221;4.19.3&#8243; _module_preset=&#8221;default&#8221; global_colors_info=&#8221;{}&#8221;][et_pb_image src=&#8221;https:\/\/www.aedtf.ch\/wp-content\/uploads\/2024\/04\/aedtf-logo.png&#8221; title_text=&#8221;aedtf-logo&#8221; _builder_version=&#8221;4.23&#8243; _module_preset=&#8221;default&#8221; width=&#8221;44%&#8221; global_colors_info=&#8221;{}&#8221;][\/et_pb_image][\/et_pb_column][et_pb_column type=&#8221;3_4&#8243; _builder_version=&#8221;4.19.3&#8243; _module_preset=&#8221;default&#8221; global_colors_info=&#8221;{}&#8221;][et_pb_text _builder_version=&#8221;4.23&#8243; _module_preset=&#8221;e8cf07b0-e15b-48c3-932c-8b168fae727a&#8221; text_text_color=&#8221;#000000&#8243; global_colors_info=&#8221;{}&#8221;]<\/p>\n<p>Associazione europea per lo Sviluppo del Trasporto Ferroviario<\/p>\n<p>[\/et_pb_text][\/et_pb_column][\/et_pb_row][et_pb_row column_structure=&#8221;1_4,1_4,1_2&#8243; _builder_version=&#8221;4.19.3&#8243; _module_preset=&#8221;default&#8221; global_colors_info=&#8221;{}&#8221;][et_pb_column type=&#8221;1_4&#8243; _builder_version=&#8221;4.19.3&#8243; _module_preset=&#8221;default&#8221; global_colors_info=&#8221;{}&#8221;][et_pb_text _builder_version=&#8221;4.23&#8243; _module_preset=&#8221;6b071ca0-f083-4de0-b736-f7f704a3a781&#8243; text_text_color=&#8221;#293b45&#8243; header_4_text_color=&#8221;#000000&#8243; global_colors_info=&#8221;{}&#8221;]<\/p>\n<h4>Contattaci<\/h4>\n<p>[\/et_pb_text][et_pb_blurb use_icon=&#8221;on&#8221; font_icon=&#8221;&#xe076;||divi||400&#8243; icon_color=&#8221;#000000&#8243; _builder_version=&#8221;4.25.2&#8243; _module_preset=&#8221;014cbc69-84e5-40e2-908a-7cfb48acf04e&#8221; header_text_color=&#8221;#293b45&#8243; body_link_text_color=&#8221;#000000&#8243; header_font_size_tablet=&#8221;15px&#8221; header_font_size_phone=&#8221;14px&#8221; header_font_size_last_edited=&#8221;on|desktop&#8221; locked=&#8221;off&#8221; global_colors_info=&#8221;{}&#8221;]<\/p>\n<p><a href=\"mailto:president@aedtf.ch\">president@aedtf.ch<\/a><\/p>\n<p>[\/et_pb_blurb][\/et_pb_column][et_pb_column type=&#8221;1_4&#8243; _builder_version=&#8221;4.19.3&#8243; _module_preset=&#8221;default&#8221; global_colors_info=&#8221;{}&#8221;][et_pb_text _builder_version=&#8221;4.23&#8243; _module_preset=&#8221;6b071ca0-f083-4de0-b736-f7f704a3a781&#8243; header_4_text_color=&#8221;#000000&#8243; locked=&#8221;off&#8221; global_colors_info=&#8221;{}&#8221;]<\/p>\n<h4>Collegamenti<\/h4>\n<p>[\/et_pb_text][et_pb_text _builder_version=&#8221;4.23&#8243; _module_preset=&#8221;c16c7ee7-0a04-4465-a9f1-54ec9941405e&#8221; text_text_color=&#8221;#000000&#8243; link_text_color=&#8221;#000000&#8243; custom_margin=&#8221;||10px||false|false&#8221; global_colors_info=&#8221;{}&#8221;]<\/p>\n<p><a href=\"https:\/\/www.aedtf.ch\/it\/pagnia-principale-nouveau-site\/\">Casa<\/a><\/p>\n<p>[\/et_pb_text][et_pb_text _builder_version=&#8221;4.23&#8243; _module_preset=&#8221;c16c7ee7-0a04-4465-a9f1-54ec9941405e&#8221; text_text_color=&#8221;#FFFFFF&#8221; link_text_color=&#8221;#000000&#8243; custom_margin=&#8221;||10px||false|false&#8221; global_colors_info=&#8221;{%22gcid-1b9885b1-d5db-4c39-ab49-d8f90e824600%22:%91%22text_text_color%22%93}&#8221;]<\/p>\n<p><a href=\"https:\/\/www.aedtf.ch\/it\/activites-nouveau-site\/\">Novit\u00e0<\/a><\/p>\n<p>[\/et_pb_text][et_pb_text _builder_version=&#8221;4.23&#8243; _module_preset=&#8221;c16c7ee7-0a04-4465-a9f1-54ec9941405e&#8221; text_text_color=&#8221;#FFFFFF&#8221; link_text_color=&#8221;#000000&#8243; custom_margin=&#8221;||10px||false|false&#8221; global_colors_info=&#8221;{%22gcid-1b9885b1-d5db-4c39-ab49-d8f90e824600%22:%91%22text_text_color%22%93}&#8221;]<\/p>\n<p><a href=\"https:\/\/www.aedtf.ch\/it\/comite-nouveau-site\/\">Il comitato<\/a><\/p>\n<p>[\/et_pb_text][et_pb_text _builder_version=&#8221;4.23&#8243; _module_preset=&#8221;c16c7ee7-0a04-4465-a9f1-54ec9941405e&#8221; text_text_color=&#8221;#FFFFFF&#8221; link_text_color=&#8221;#000000&#8243; custom_margin=&#8221;||10px||false|false&#8221; global_colors_info=&#8221;{%22gcid-1b9885b1-d5db-4c39-ab49-d8f90e824600%22:%91%22text_text_color%22%93}&#8221;]<\/p>\n<p><a href=\"https:\/\/www.aedtf.ch\/it\/contattati-nouveau-site\/\">Contattaci<\/a><\/p>\n<p>[\/et_pb_text][\/et_pb_column][et_pb_column type=&#8221;1_2&#8243; _builder_version=&#8221;4.19.3&#8243; _module_preset=&#8221;default&#8221; global_colors_info=&#8221;{}&#8221;][et_pb_text _builder_version=&#8221;4.23&#8243; _module_preset=&#8221;6b071ca0-f083-4de0-b736-f7f704a3a781&#8243; text_text_color=&#8221;#000000&#8243; header_4_text_color=&#8221;#000000&#8243; locked=&#8221;off&#8221; global_colors_info=&#8221;{}&#8221;]<\/p>\n<h4>Iscriviti alla nostra newsletter<\/h4>\n<p>[\/et_pb_text][et_pb_text _builder_version=&#8221;4.25.2&#8243; _module_preset=&#8221;default&#8221; global_colors_info=&#8221;{}&#8221;]La nostra associazione \u00e8 composta da membri volontari, quindi ogni donazione \u00e8 ben accetta: IBAN CH20 0900 0000 1405 0011 5 Postfinance<\/p>\n<p><a>2024-07 QR-Facture<\/a>[\/et_pb_text][et_pb_code _builder_version=&#8221;4.25.2&#8243; _module_preset=&#8221;default&#8221; text_orientation=&#8221;left&#8221; custom_margin=&#8221;-5%||13%|-4%|false|false&#8221; global_colors_info=&#8221;{}&#8221;]<\/p>\n<form method=\"post\" action=\"https:\/\/newsletter.infomaniak.com\/v3\/api\/1\/newsletters\/webforms\/11531\/submit\" class=\"inf-form\"><input type=\"email\" name=\"email\" style=\"display:none\" \/><input type=\"hidden\" name=\"key\" value=\"eyJpdiI6Ilwvd2gyc2w0SDMxcGpBMWROXC9WRXJRNnhIZ1NrSjRTSkIwVmFPb3I4dmFoWT0iLCJtYWMiOiI2OTA0MTI1MTkwYjMyYjk3MmY3Yjc0MDUxYmM4YzFjZDA5ODg2MWE3NTUwODEzMDM1YjJlOGQzMjE3OWQwMjcyIiwidmFsdWUiOiJqNUtzTzZJTEgxMlRPRkd3MUFJMHdWYUJybHFUQVEyd1d0ajlCSmRjREhRPSJ9\"><input type=\"hidden\" name=\"webform_id\" value=\"11531\"><\/p>\n<style> .inf-main_fd92a703e837c873aca02bf1edfafcfe{ padding:25px 20px; margin:25px auto; } .inf-main_fd92a703e837c873aca02bf1edfafcfe .inf-content { margin-top:13px;} .inf-main_fd92a703e837c873aca02bf1edfafcfe h4, .inf-main_fd92a703e837c873aca02bf1edfafcfe span, .inf-main_fd92a703e837c873aca02bf1edfafcfe label, .inf-main_fd92a703e837c873aca02bf1edfafcfe input, .inf-main_fd92a703e837c873aca02bf1edfafcfe .inf-submit, .inf-main_fd92a703e837c873aca02bf1edfafcfe .inf-success p a { color:black; font-size:14px; } .inf-main_fd92a703e837c873aca02bf1edfafcfe h4{ font-size:18px; margin:0px 0px 13px 0px; } .inf-main_fd92a703e837c873aca02bf1edfafcfe h4, .inf-main_fd92a703e837c873aca02bf1edfafcfe label{ font-weight:bold; font-family:'Work Sans' } .inf-main_fd92a703e837c873aca02bf1edfafcfe .inf-input { margin-bottom:7px; } .inf-main_fd92a703e837c873aca02bf1edfafcfe label { display:block;} .inf-main_fd92a703e837c873aca02bf1edfafcfe input{ height:35px; color:#999999; border: 1px solid #E9E9E9; border:none; padding-left:7px; } .inf-main_fd92a703e837c873aca02bf1edfafcfe .inf-input.inf-error label, .inf-main_fd92a703e837c873aca02bf1edfafcfe .inf-input.inf-error span.inf-message{ color: #cc0033; } .inf-main_fd92a703e837c873aca02bf1edfafcfe .inf-input.inf-error input{ border: 1px solid #cc0033; } .inf-main_fd92a703e837c873aca02bf1edfafcfe .inf-input input { width:100%;} .inf-main_fd92a703e837c873aca02bf1edfafcfe .inf-input.inf-error span.inf-message { display: block; } .inf-main_fd92a703e837c873aca02bf1edfafcfe .inf-submit { text-align:right;} .inf-main_fd92a703e837c873aca02bf1edfafcfe .inf-submit input{ background-color:#777777; color:#ffffff; border:none; font-weight: normal; height:auto; padding:7px; } .inf-main_fd92a703e837c873aca02bf1edfafcfe .inf-submit input.disabled{ opacity: 0.4; } .inf-btn { color: rgb(85, 85, 85); border: medium none; font-weight: normal; height: auto; padding: 7px; display: inline-block; background-color: white; box-shadow: 0px 1px 1px rgba(0, 0, 0, 0.24); border-radius: 2px; line-height: 1em; } .inf-rgpd { margin:25px 0px 15px 0px; color:#555555; } <\/style>\n<div class=\"inf-main_fd92a703e837c873aca02bf1edfafcfe\">\n<h4>Iscriviti alla nostra newsletter<\/h4>\n<p> <span style=\"font-family:'Work Sans'\">Tenetevi aggiornati sulle nostre azioni e sui nostri progetti iscrivendovi alla nostra newsletter.<\/span> <\/p>\n<div class=\"inf-success\" style=\"display:none\">\n<h4>La registrazione \u00e8 stata effettuata con successo!<\/h4>\n<pee> <a href=\"#\" class=\"inf-btn\">\u00ab<\/a> <\/pee> <\/div>\n<div class=\"inf-content\">\n<div class=\"inf-input inf-input-text\"> <input type=\"email\" name=\"inf[1]\" data-inf-meta=\"1\" data-inf-error=\"Merci de renseigner une adresse email\" required=\"required\" placeholder=\"Email *\" > <\/div>\n<div class=\"inf-rgpd\">Il vostro indirizzo e-mail viene utilizzato solo per inviarvi la nostra newsletter e informazioni sulle nostre attivit\u00e0. \u00c8 possibile annullare l&#8217;iscrizione in qualsiasi momento utilizzando il link di annullamento dell&#8217;iscrizione incluso in ciascuna delle nostre e-mail.<\/div>\n<div style=\"\"> <label data-mcaptcha_url=\"https:\/\/captcha.infomaniak.com\/widget\/?sitekey=wKJaAigS1e48fWgqtjvg5w7rKA6QIwmy\" for=\"mcaptcha__token\" id=\"mcaptcha__token-label\"> <input type=\"text\" name=\"mcaptcha__token\" id=\"mcaptcha__token\"\/> <\/label> <\/p>\n<div id=\"mcaptcha__widget-container\"><\/div>\n<p> <script src=\"https:\/\/unpkg.com\/@mcaptcha\/vanilla-glue@0.1.0-rc2\/dist\/index.js\"><\/script> <\/div>\n<div class=\"inf-submit\"> <input type=\"submit\" style=\"margin-top: 25px;background-color:#ffd400;padding:2%;border-radius:5%\" name=\"\" value=\"Iscriviti\"> <\/div>\n<\/p><\/div>\n<\/p><\/div>\n<\/p><\/form>\n<p>[\/et_pb_code][\/et_pb_column][\/et_pb_row][et_pb_row _builder_version=&#8221;4.19.3&#8243; _module_preset=&#8221;default&#8221; global_colors_info=&#8221;{}&#8221;][et_pb_column type=&#8221;4_4&#8243; _builder_version=&#8221;4.19.3&#8243; _module_preset=&#8221;default&#8221; global_colors_info=&#8221;{}&#8221;][et_pb_text _builder_version=&#8221;4.25.2&#8243; _module_preset=&#8221;c16c7ee7-0a04-4465-a9f1-54ec9941405e&#8221; text_font=&#8221;Poppins||||||||&#8221; text_text_color=&#8221;#000000&#8243; link_font=&#8221;Poppins|700|||||||&#8221; link_text_color=&#8221;#222557&#8243; text_orientation=&#8221;center&#8221; global_colors_info=&#8221;{}&#8221;]Sito web di <a href=\"https:\/\/digital-synergy.ch\/\">Synergy<\/a>[\/et_pb_text][\/et_pb_column][\/et_pb_row][\/et_pb_section]<\/p>\n","protected":false},"excerpt":{"rendered":"<p>ContattaciAEDTF 12 Gewerbestrasse 3012 Bern Courriel: president@aedtf.chAssociazione europea per lo Sviluppo del Trasporto FerroviarioContattacipresident@aedtf.chCollegamentiCasaNovit\u00e0Il comitatoContattaciIscriviti alla nostra newsletterLa nostra associazione \u00e8 composta da membri volontari, quindi ogni donazione \u00e8 ben accetta: IBAN CH20 0900 0000 1405 0011 5 Postfinance 2024-07 QR-FactureSito web di Synergy<\/p>\n","protected":false},"author":1,"featured_media":0,"parent":0,"menu_order":0,"comment_status":"closed","ping_status":"closed","template":"","meta":{"_et_pb_use_builder":"on","_et_pb_old_content":"","_et_gb_content_width":"","footnotes":""},"class_list":["post-31162","page","type-page","status-publish","hentry"],"_links":{"self":[{"href":"https:\/\/www.aedtf.ch\/it\/wp-json\/wp\/v2\/pages\/31162","targetHints":{"allow":["GET"]}}],"collection":[{"href":"https:\/\/www.aedtf.ch\/it\/wp-json\/wp\/v2\/pages"}],"about":[{"href":"https:\/\/www.aedtf.ch\/it\/wp-json\/wp\/v2\/types\/page"}],"author":[{"embeddable":true,"href":"https:\/\/www.aedtf.ch\/it\/wp-json\/wp\/v2\/users\/1"}],"replies":[{"embeddable":true,"href":"https:\/\/www.aedtf.ch\/it\/wp-json\/wp\/v2\/comments?post=31162"}],"version-history":[{"count":10,"href":"https:\/\/www.aedtf.ch\/it\/wp-json\/wp\/v2\/pages\/31162\/revisions"}],"predecessor-version":[{"id":31609,"href":"https:\/\/www.aedtf.ch\/it\/wp-json\/wp\/v2\/pages\/31162\/revisions\/31609"}],"wp:attachment":[{"href":"https:\/\/www.aedtf.ch\/it\/wp-json\/wp\/v2\/media?parent=31162"}],"curies":[{"name":"wp","href":"https:\/\/api.w.org\/{rel}","templated":true}]}}